{"id":5743,"date":"2025-06-22T14:35:12","date_gmt":"2025-06-22T14:35:12","guid":{"rendered":"https:\/\/championsmorocco.com\/?page_id=5743"},"modified":"2025-09-02T14:33:24","modified_gmt":"2025-09-02T14:33:24","slug":"logistics-network","status":"publish","type":"page","link":"https:\/\/championsmorocco.com\/fr\/logistics-network\/","title":{"rendered":"LOGISTICS NETWORK"},"content":{"rendered":"<div data-elementor-type=\"wp-page\" data-elementor-id=\"5743\" class=\"elementor elementor-5743\">\n\t\t\t\t<div data-ekitparallax=\"{&quot;ekit_section_parallax_bg&quot;:&quot;yes&quot;,&quot;ekit_section_parallax_bg_speed&quot;:0.5,&quot;elementor_lazy_load&quot;:&quot;1&quot;}\" class=\"elementor-element elementor-element-88857ed page-header-hero-cbd e-flex e-con-boxed e-con e-parent\" data-id=\"88857ed\" data-element_type=\"container\" data-settings=\"{&quot;background_background&quot;:&quot;classic&quot;}\">\n\t\t\t\t\t<div class=\"e-con-inner\">\n\t\t<div class=\"elementor-element elementor-element-7804d50 e-con-full e-flex e-con e-child\" data-id=\"7804d50\" data-element_type=\"container\">\n\t\t\t\t<div class=\"elementor-element elementor-element-41b4596 at-heading-animation at-animation-heading-style-3 elementor-widget elementor-widget-heading\" data-id=\"41b4596\" data-element_type=\"widget\" data-settings=\"{&quot;ekit_we_effect_on&quot;:&quot;none&quot;}\" data-widget_type=\"heading.default\">\n\t\t\t\t\t<h1 class=\"elementor-heading-title elementor-size-default\">Logistique <span> R\u00e9seau<\/span><\/h1>\t\t\t\t<\/div>\n\t\t\t\t<\/div>\n\t\t\t\t\t<\/div>\n\t\t\t\t<\/div>\n\t\t<div class=\"elementor-element elementor-element-0bbe4ae e-con-full e-flex e-con e-parent\" data-id=\"0bbe4ae\" data-element_type=\"container\" data-settings=\"{&quot;background_background&quot;:&quot;classic&quot;}\">\n\t\t<div class=\"elementor-element elementor-element-d472b54 e-con-full e-flex e-con e-child\" data-id=\"d472b54\" data-element_type=\"container\">\n\t\t\t\t<div class=\"elementor-element elementor-element-ec68b15 section-title at-heading-animation at-animation-heading-none elementor-invisible elementor-widget elementor-widget-heading\" data-id=\"ec68b15\" data-element_type=\"widget\" data-settings=\"{&quot;_animation&quot;:&quot;fadeInUp&quot;,&quot;ekit_we_effect_on&quot;:&quot;none&quot;}\" data-widget_type=\"heading.default\">\n\t\t\t\t\t<h3 class=\"elementor-heading-title elementor-size-default\">R\u00e9seau logistique<\/h3>\t\t\t\t<\/div>\n\t\t\t\t<div class=\"elementor-element elementor-element-60e101f at-heading-animation at-animation-heading-style-2 elementor-widget elementor-widget-heading\" data-id=\"60e101f\" data-element_type=\"widget\" data-settings=\"{&quot;ekit_we_effect_on&quot;:&quot;none&quot;}\" data-widget_type=\"heading.default\">\n\t\t\t\t\t<h2 class=\"elementor-heading-title elementor-size-default\">Storage  &amp; <span>Management<\/span><\/h2>\t\t\t\t<\/div>\n\t\t\t\t<div class=\"elementor-element elementor-element-21f9994 elementor-widget elementor-widget-text-editor\" data-id=\"21f9994\" data-element_type=\"widget\" data-settings=\"{&quot;ekit_we_effect_on&quot;:&quot;none&quot;}\" data-widget_type=\"text-editor.default\">\n\t\t\t\t\t\t\t\t\t<p><b>1.\u00a0 <\/b>Capacit\u00e9 de stockage adapt\u00e9e \u00e0 notre croissance rapide<\/p><p><strong>2. <\/strong>Partenariat strat\u00e9gique avec le leader logistique du Maroc<\/p><p><strong>3. <\/strong>Syst\u00e8me WMS haute performance pour une gestion optimale des stocks<\/p>\t\t\t\t\t\t\t\t<\/div>\n\t\t\t\t<\/div>\n\t\t<div class=\"elementor-element elementor-element-d49b921 e-con-full e-flex e-con e-child\" data-id=\"d49b921\" data-element_type=\"container\">\n\t\t\t\t<div class=\"elementor-element elementor-element-1840c7d section-title at-heading-animation at-animation-heading-none elementor-invisible elementor-widget elementor-widget-heading\" data-id=\"1840c7d\" data-element_type=\"widget\" data-settings=\"{&quot;_animation&quot;:&quot;fadeInUp&quot;,&quot;ekit_we_effect_on&quot;:&quot;none&quot;}\" data-widget_type=\"heading.default\">\n\t\t\t\t\t<h3 class=\"elementor-heading-title elementor-size-default\">R\u00e9seau logistique<\/h3>\t\t\t\t<\/div>\n\t\t\t\t<div class=\"elementor-element elementor-element-0fb22fd at-heading-animation at-animation-heading-style-2 elementor-widget elementor-widget-heading\" data-id=\"0fb22fd\" data-element_type=\"widget\" data-settings=\"{&quot;ekit_we_effect_on&quot;:&quot;none&quot;}\" data-widget_type=\"heading.default\">\n\t\t\t\t\t<h2 class=\"elementor-heading-title elementor-size-default\">Commercial <span>Expansion <\/span><\/h2>\t\t\t\t<\/div>\n\t\t\t\t<div class=\"elementor-element elementor-element-a2cdfe3 elementor-widget elementor-widget-text-editor\" data-id=\"a2cdfe3\" data-element_type=\"widget\" data-settings=\"{&quot;ekit_we_effect_on&quot;:&quot;none&quot;}\" data-widget_type=\"text-editor.default\">\n\t\t\t\t\t\t\t\t\t<p><b>1.<\/b>Institutions<\/p><p><b>2.<\/b>Stations-service<\/p><p><strong>3.<\/strong>Cha\u00eenes de distribution (Carrefour)<\/p><p><strong>4.<\/strong>Commerce traditionnel (grossistes, d\u00e9taillants)<\/p>\t\t\t\t\t\t\t\t<\/div>\n\t\t\t\t<\/div>\n\t\t\t\t<\/div>\n\t\t<div class=\"elementor-element elementor-element-d8242ec e-con-full e-flex e-con e-parent\" data-id=\"d8242ec\" data-element_type=\"container\" data-settings=\"{&quot;background_background&quot;:&quot;classic&quot;}\">\n\t\t<div class=\"elementor-element elementor-element-b15edae e-con-full e-flex e-con e-child\" data-id=\"b15edae\" data-element_type=\"container\">\n\t\t<div class=\"elementor-element elementor-element-968b9c0 e-con-full mission-vision-item-cbd e-flex elementor-invisible e-con e-child\" data-id=\"968b9c0\" data-element_type=\"container\" data-settings=\"{&quot;background_background&quot;:&quot;classic&quot;,&quot;animation&quot;:&quot;fadeInUp&quot;}\">\n\t\t\t\t<div class=\"elementor-element elementor-element-2e74c3d at-heading-animation at-animation-heading-style-2 elementor-widget elementor-widget-heading\" data-id=\"2e74c3d\" data-element_type=\"widget\" data-settings=\"{&quot;ekit_we_effect_on&quot;:&quot;none&quot;}\" data-widget_type=\"heading.default\">\n\t\t\t\t\t<h2 class=\"elementor-heading-title elementor-size-default\">Distribution &amp; <span>Livraison <\/span><\/h2>\t\t\t\t<\/div>\n\t\t\t\t<div class=\"elementor-element elementor-element-b09a247 elementor-widget elementor-widget-icon-box\" data-id=\"b09a247\" data-element_type=\"widget\" data-settings=\"{&quot;ekit_we_effect_on&quot;:&quot;none&quot;}\" data-widget_type=\"icon-box.default\">\n\t\t\t\t\t\t\t<div class=\"elementor-icon-box-wrapper\">\n\n\t\t\t\n\t\t\t\t\t\t<div class=\"elementor-icon-box-content\">\n\n\t\t\t\t\n\t\t\t\t\t\t\t\t\t<p class=\"elementor-icon-box-description\">\n\t\t\t\t\t\tFlotte interne compl\u00e9mentaire\t\t\t\t\t<\/p>\n\t\t\t\t\n\t\t\t<\/div>\n\t\t\t\n\t\t<\/div>\n\t\t\t\t\t\t<\/div>\n\t\t\t\t<div class=\"elementor-element elementor-element-89f3ced elementor-widget elementor-widget-icon-box\" data-id=\"89f3ced\" data-element_type=\"widget\" data-settings=\"{&quot;ekit_we_effect_on&quot;:&quot;none&quot;}\" data-widget_type=\"icon-box.default\">\n\t\t\t\t\t\t\t<div class=\"elementor-icon-box-wrapper\">\n\n\t\t\t\n\t\t\t\t\t\t<div class=\"elementor-icon-box-content\">\n\n\t\t\t\t\n\t\t\t\t\t\t\t\t\t<p class=\"elementor-icon-box-description\">\n\t\t\t\t\t\tLivraison en moins de 48H partout en France\t\t\t\t\t<\/p>\n\t\t\t\t\n\t\t\t<\/div>\n\t\t\t\n\t\t<\/div>\n\t\t\t\t\t\t<\/div>\n\t\t\t\t<div class=\"elementor-element elementor-element-0d1c8f4 elementor-widget elementor-widget-icon-box\" data-id=\"0d1c8f4\" data-element_type=\"widget\" data-settings=\"{&quot;ekit_we_effect_on&quot;:&quot;none&quot;}\" data-widget_type=\"icon-box.default\">\n\t\t\t\t\t\t\t<div class=\"elementor-icon-box-wrapper\">\n\n\t\t\t\n\t\t\t\t\t\t<div class=\"elementor-icon-box-content\">\n\n\t\t\t\t\n\t\t\t\t\t\t\t\t\t<p class=\"elementor-icon-box-description\">\n\t\t\t\t\t\tPartenariats avec de grands transporteurs nationaux\t\t\t\t\t<\/p>\n\t\t\t\t\n\t\t\t<\/div>\n\t\t\t\n\t\t<\/div>\n\t\t\t\t\t\t<\/div>\n\t\t\t\t<div class=\"elementor-element elementor-element-07a8666 elementor-widget elementor-widget-icon-box\" data-id=\"07a8666\" data-element_type=\"widget\" data-settings=\"{&quot;ekit_we_effect_on&quot;:&quot;none&quot;}\" data-widget_type=\"icon-box.default\">\n\t\t\t\t\t\t\t<div class=\"elementor-icon-box-wrapper\">\n\n\t\t\t\n\t\t\t\t\t\t<div class=\"elementor-icon-box-content\">\n\n\t\t\t\t\n\t\t\t\t\t\t\t\t\t<p class=\"elementor-icon-box-description\">\n\t\t\t\t\t\tRegions: Network of around 20 qualified partner distributors\t\t\t\t\t<\/p>\n\t\t\t\t\n\t\t\t<\/div>\n\t\t\t\n\t\t<\/div>\n\t\t\t\t\t\t<\/div>\n\t\t\t\t<div class=\"elementor-element elementor-element-b2ace26 elementor-widget elementor-widget-icon-box\" data-id=\"b2ace26\" data-element_type=\"widget\" data-settings=\"{&quot;ekit_we_effect_on&quot;:&quot;none&quot;}\" data-widget_type=\"icon-box.default\">\n\t\t\t\t\t\t\t<div class=\"elementor-icon-box-wrapper\">\n\n\t\t\t\n\t\t\t\t\t\t<div class=\"elementor-icon-box-content\">\n\n\t\t\t\t\n\t\t\t\t\t\t\t\t\t<p class=\"elementor-icon-box-description\">\n\t\t\t\t\t\tCasablanca: Internal sales force equipped with advanced logistics and technology\t\t\t\t\t<\/p>\n\t\t\t\t\n\t\t\t<\/div>\n\t\t\t\n\t\t<\/div>\n\t\t\t\t\t\t<\/div>\n\t\t<div class=\"elementor-element elementor-element-08306c5 e-con-full e-flex e-con e-child\" data-id=\"08306c5\" data-element_type=\"container\">\n\t\t\t\t<div class=\"elementor-element elementor-element-66a2a9f at-shiny-glass-effect mission-vision-img-cbd at-image-animation at-animation-image-none elementor-widget elementor-widget-image\" data-id=\"66a2a9f\" data-element_type=\"widget\" data-settings=\"{&quot;ekit_we_effect_on&quot;:&quot;none&quot;}\" data-widget_type=\"image.default\">\n\t\t\t\t\t\t\t\t\t\t\t\t\t\t\t<img fetchpriority=\"high\" decoding=\"async\" width=\"1920\" height=\"1280\" src=\"https:\/\/championsmorocco.com\/wp-content\/uploads\/2025\/09\/cars.jpg\" class=\"attachment-full size-full wp-image-6813\" alt=\"\" srcset=\"https:\/\/championsmorocco.com\/wp-content\/uploads\/2025\/09\/cars.jpg 1920w, https:\/\/championsmorocco.com\/wp-content\/uploads\/2025\/09\/cars-300x200.jpg 300w, https:\/\/championsmorocco.com\/wp-content\/uploads\/2025\/09\/cars-1024x683.jpg 1024w, https:\/\/championsmorocco.com\/wp-content\/uploads\/2025\/09\/cars-768x512.jpg 768w, https:\/\/championsmorocco.com\/wp-content\/uploads\/2025\/09\/cars-1536x1024.jpg 1536w, https:\/\/championsmorocco.com\/wp-content\/uploads\/2025\/09\/cars-18x12.jpg 18w\" sizes=\"(max-width: 1920px) 100vw, 1920px\" \/>\t\t\t\t\t\t\t\t\t\t\t\t\t\t\t<\/div>\n\t\t\t\t<\/div>\n\t\t\t\t<\/div>\n\t\t\t\t<\/div>\n\t\t\t\t<\/div>\n\t\t\t\t<\/div>","protected":false},"excerpt":{"rendered":"<p>Logistics Network Logistics Network Storage &amp; Management 1.\u00a0 Storage capacity tailored to [&hellip;]<\/p>","protected":false},"author":1,"featured_media":0,"parent":0,"menu_order":0,"comment_status":"closed","ping_status":"closed","template":"elementor_header_footer","meta":{"footnotes":""},"class_list":["post-5743","page","type-page","status-publish","hentry"],"_links":{"self":[{"href":"https:\/\/championsmorocco.com\/fr\/wp-json\/wp\/v2\/pages\/5743","targetHints":{"allow":["GET"]}}],"collection":[{"href":"https:\/\/championsmorocco.com\/fr\/wp-json\/wp\/v2\/pages"}],"about":[{"href":"https:\/\/championsmorocco.com\/fr\/wp-json\/wp\/v2\/types\/page"}],"author":[{"embeddable":true,"href":"https:\/\/championsmorocco.com\/fr\/wp-json\/wp\/v2\/users\/1"}],"replies":[{"embeddable":true,"href":"https:\/\/championsmorocco.com\/fr\/wp-json\/wp\/v2\/comments?post=5743"}],"version-history":[{"count":100,"href":"https:\/\/championsmorocco.com\/fr\/wp-json\/wp\/v2\/pages\/5743\/revisions"}],"predecessor-version":[{"id":6858,"href":"https:\/\/championsmorocco.com\/fr\/wp-json\/wp\/v2\/pages\/5743\/revisions\/6858"}],"wp:attachment":[{"href":"https:\/\/championsmorocco.com\/fr\/wp-json\/wp\/v2\/media?parent=5743"}],"curies":[{"name":"wp","href":"https:\/\/api.w.org\/{rel}","templated":true}]}}